{"id":131437,"date":"2025-06-01T02:17:18","date_gmt":"2025-06-01T02:17:18","guid":{"rendered":"https:\/\/gracefullyhers.com\/?post_type=product&#038;p=131437"},"modified":"2025-06-26T20:36:21","modified_gmt":"2025-06-26T20:36:21","slug":"chloe-black-gold-mini-dress-in-lame-blend","status":"publish","type":"product","link":"https:\/\/www.gracefullyhers.com\/fr\/produit\/chloe-black-gold-mini-dress-in-lame-blend\/","title":{"rendered":"<strong>CHLOE<\/strong><br>Black\/Gold Mini Dress In Lam\u00e9 Blend"},"content":{"rendered":"<p>Mini dress by Chlo\u00e9 in black and gold lam\u00e9 mixed silk cr\u00eape, featuring a round neck with buttons at the back and long sleeves with tie cuffs.<\/p>\n<p><b>Size and Fit &#8211;\u00a0<\/b>Model wears size 38 FR Model measurements: Height: 179 cm Chest: 82 cm Waist: 65 cm Hips: 90 cm<\/p>","protected":false},"excerpt":{"rendered":"<p>Mini dress by Chlo\u00e9 in black and gold lam\u00e9 mixed silk cr\u00eape, featuring a round neck with buttons at the<\/p>","protected":false},"featured_media":171565,"template":"","meta":[],"product_brand":[607],"product_cat":[73,77,95,363],"product_tag":[],"class_list":{"0":"post-131437","1":"product","2":"type-product","3":"status-publish","4":"has-post-thumbnail","6":"product_brand-chloe","7":"product_cat-dresses","8":"product_cat-mini","9":"product_cat-print-dress","10":"product_cat-shop-by-length","12":"first","13":"instock","14":"shipping-taxable","15":"purchasable","16":"product-type-variable"},"_links":{"self":[{"href":"https:\/\/www.gracefullyhers.com\/fr\/wp-json\/wp\/v2\/product\/131437","targetHints":{"allow":["GET"]}}],"collection":[{"href":"https:\/\/www.gracefullyhers.com\/fr\/wp-json\/wp\/v2\/product"}],"about":[{"href":"https:\/\/www.gracefullyhers.com\/fr\/wp-json\/wp\/v2\/types\/product"}],"version-history":[{"count":5,"href":"https:\/\/www.gracefullyhers.com\/fr\/wp-json\/wp\/v2\/product\/131437\/revisions"}],"predecessor-version":[{"id":135999,"href":"https:\/\/www.gracefullyhers.com\/fr\/wp-json\/wp\/v2\/product\/131437\/revisions\/135999"}],"wp:featuredmedia":[{"embeddable":true,"href":"https:\/\/www.gracefullyhers.com\/fr\/wp-json\/wp\/v2\/media\/171565"}],"wp:attachment":[{"href":"https:\/\/www.gracefullyhers.com\/fr\/wp-json\/wp\/v2\/media?parent=131437"}],"wp:term":[{"taxonomy":"product_brand","embeddable":true,"href":"https:\/\/www.gracefullyhers.com\/fr\/wp-json\/wp\/v2\/product_brand?post=131437"},{"taxonomy":"product_cat","embeddable":true,"href":"https:\/\/www.gracefullyhers.com\/fr\/wp-json\/wp\/v2\/product_cat?post=131437"},{"taxonomy":"product_tag","embeddable":true,"href":"https:\/\/www.gracefullyhers.com\/fr\/wp-json\/wp\/v2\/product_tag?post=131437"}],"curies":[{"name":"wp","href":"https:\/\/api.w.org\/{rel}","templated":true}]}}